{"id":989,"date":"2021-02-25T14:36:43","date_gmt":"2021-02-25T14:36:43","guid":{"rendered":"http:\/\/lawreview.wpia.uw.edu.pl\/?page_id=989"},"modified":"2025-07-04T10:40:30","modified_gmt":"2025-07-04T10:40:30","slug":"dla-autorow-2","status":"publish","type":"page","link":"https:\/\/lawreview.wpia.uw.edu.pl\/?page_id=989&lang=pl","title":{"rendered":"Dla Autor\u00f3w"},"content":{"rendered":"\n<h1 class=\"wp-block-heading has-text-align-center\"><strong>Dla autor\u00f3w<\/strong><\/h1>\n\n\n\n<h2 class=\"wp-block-heading\" id=\"przeslij\">Prze\u015blij tekst<\/h2>\n\n\n\n<p>Nab\u00f3r tekst\u00f3w przeznaczonych do publikacji prowadzony jest w trybie ci\u0105g\u0142ym. W zwi\u0105zku z przebudow\u0105 strony internetowej czasopisma, wszystkie prace uprzejmie prosimy przesy\u0142a\u0107 bezpo\u015brednio na adres e-mail: <strong><a href=\"m&#97;&#x69;&#x6c;t&#111;&#x3a;&#x70;r&#122;&#101;&#x67;&#x6c;a&#100;&#x70;&#x72;a&#119;&#x6e;&#x69;c&#122;&#121;&#x75;&#x77;&#64;&#103;&#x6d;&#x61;i&#108;&#x2e;&#x63;o&#109;\">p&#114;&#122;&#x65;&#x67;&#x6c;ad&#112;&#114;&#x61;&#x77;&#x6e;i&#99;&#122;&#121;&#x75;&#x77;&#x40;g&#109;&#97;&#x69;&#x6c;&#x2e;co&#109;<\/a><\/strong>.<\/p>\n\n\n\n<p>Uprzejmie prosimy, by w tre\u015bci zg\u0142oszenia poda\u0107 nast\u0119puj\u0105ce informacje:<\/p>\n\n\n\n<ol class=\"wp-block-list\">\n<li>imiona i nazwiska wszystkich autor\u00f3w,<\/li>\n\n\n\n<li>afiliacje naukowe wszystkich autor\u00f3w,<\/li>\n\n\n\n<li>tytu\u0142y lub stopienie naukowe wszystkich autor\u00f3w,<\/li>\n\n\n\n<li>numery ORCID wszystkich autor\u00f3w,<\/li>\n\n\n\n<li>tytu\u0142 tekstu,<\/li>\n\n\n\n<li>liczb\u0119 znak\u00f3w ze spacjami (wliczaj\u0105c przypisy).<\/li>\n<\/ol>\n\n\n\n<p>Do zg\u0142oszenia uprzejmie prosimy za\u0142\u0105czy\u0107:<\/p>\n\n\n\n<ol class=\"wp-block-list\">\n<li>tekst w formacie MS Word (doc\/docx),<\/li>\n\n\n\n<li>bibliografi\u0119, s\u0142owa kluczowe i streszczenia w jednym za\u0142\u0105czniku w formacie MS Word (doc\/docx) przygotowane zgodnie z wytycznymi redakcyjnymi dost\u0119pnymi <a href=\"https:\/\/lawreview.wpia.uw.edu.pl\/wp-content\/uploads\/2018\/04\/Zasady-redagowania-PPUW.pdf\" data-type=\"link\" data-id=\"https:\/\/lawreview.wpia.uw.edu.pl\/wp-content\/uploads\/2018\/04\/Zasady-redagowania-PPUW.pdf\" target=\"_blank\" rel=\"noreferrer noopener\">tutaj<\/a>,<\/li>\n\n\n\n<li>wype\u0142niony i podpisany formularz o\u015bwiadczenia autorskiego dost\u0119pny <a href=\"https:\/\/lawreview.wpia.uw.edu.pl\/wp-content\/uploads\/2025\/07\/oswiadczenie-i-zgoda-Autora-ppuw-2021.pdf\" target=\"_blank\" rel=\"noreferrer noopener\">tutaj<\/a>.<\/li>\n<\/ol>\n\n\n\n<h2 class=\"wp-block-heading\" id=\"zasady\">Zasady redagowania<\/h2>\n\n\n\n<p>Zg\u0142aszane artyku\u0142y musz\u0105 by\u0107 sformatowane zgodnie z <a href=\"https:\/\/lawreview.wpia.uw.edu.pl\/wp-content\/uploads\/2018\/04\/Zasady-redagowania-PPUW.pdf\">Zasadami Redagowania Przegl\u0105du Prawniczego Uniwersytetu Warszawskiego<\/a>. Niedostosowanie tekstu do Zasad mo\u017ce skutkowa\u0107 jego odrzuceniem.<\/p>\n\n\n\n<p>Obj\u0119to\u015b\u0107 tekstu musi mie\u015bci\u0107 si\u0119 w przedziale&nbsp;4\u201310 tys. s\u0142\u00f3w. Ponadto, ka\u017cde zg\u0142oszenie musi zawiera\u0107:<\/p>\n\n\n\n<p>&#8211; abstrakt w j\u0119zyku polskim oraz w j\u0119zyku angielskim (o obj\u0119to\u015bci po 800-1000 znak\u00f3w ze spacjami),<\/p>\n\n\n\n<p>&#8211; 5 s\u0142\u00f3w kluczowych w j\u0119zyku polskim,<\/p>\n\n\n\n<p>&#8211; 5 s\u0142\u00f3w w j\u0119zyku angielskim,<\/p>\n\n\n\n<p>&#8211; bibliografi\u0119,<\/p>\n\n\n\n<p>&#8211; wykaz skr\u00f3t\u00f3w.<\/p>\n\n\n\n<h2 class=\"wp-block-heading\" id=\"prawa\">Prawa autorskie i licencje<\/h2>\n\n\n\n<p>Wszystkie artyku\u0142y publikowane w Przegl\u0105dzie Prawniczym Uniwersytetu Warszawskiego UW s\u0105 publikowane na zasadach licencji Creative Commons Uznanie autorstwa 4.0 PL (CC BY). Pe\u0142na tre\u015b\u0107 umowy licencyjnej jest dost\u0119pna&nbsp;<a href=\"https:\/\/creativecommons.org\/licenses\/by\/4.0\/legalcode.pl\">tutaj<\/a>.<\/p>\n\n\n\n<h2 class=\"wp-block-heading\" id=\"faq\">FAQ<\/h2>\n\n\n\n<p><strong>Czy musz\u0119 p\u0142aci\u0107 za publikacj\u0119?<\/strong><\/p>\n\n\n\n<p>Nie, autorzy nie p\u0142ac\u0105 za publikacj\u0119 w Przegl\u0105dzie Prawniczym UW.<\/p>\n\n\n\n<p><strong>Czy musz\u0119 przes\u0142a\u0107 recenzj\u0119 wraz z artyku\u0142em?<\/strong><\/p>\n\n\n\n<p>Nie. Proces recenzji organizuje Kolegium Redakcyjne poprzez skierowanie tekstu do dw\u00f3ch niezale\u017cnych recenzent\u00f3w nieznaj\u0105cych to\u017csamo\u015bci autora (<em>double blind review<\/em>).<\/p>\n\n\n\n<p><strong>Gdzie s\u0105 dost\u0119pne Zasady Redagowania?<\/strong><\/p>\n\n\n\n<p>Zasady Redagowania Przegl\u0105du Prawniczego Uniwersytetu Warszawskiego dost\u0119pne s\u0105 pod <a href=\"https:\/\/lawreview.wpia.uw.edu.pl\/wp-content\/uploads\/2018\/04\/Zasady-redagowania-PPUW.pdf\">linkiem<\/a>.<\/p>\n","protected":false},"excerpt":{"rendered":"<p>Dla autor\u00f3w Prze\u015blij tekst Nab\u00f3r tekst\u00f3w przeznaczonych do publikacji prowadzony jest w trybie ci\u0105g\u0142ym. W zwi\u0105zku z przebudow\u0105 strony internetowej czasopisma, wszystkie prace uprzejmie prosimy przesy\u0142a\u0107 bezpo\u015brednio na adres e-mail: &#112;r&#x7a;e&#x67;l&#x61;&#100;&#x70;&#114;&#x61;&#119;n&#x69;c&#x7a;y&#x75;&#119;&#x40;&#103;&#x6d;&#97;&#x69;&#108;&#46;&#x63;o&#x6d;. Uprzejmie prosimy, by w tre\u015bci zg\u0142oszenia poda\u0107 nast\u0119puj\u0105ce informacje: Do zg\u0142oszenia uprzejmie prosimy za\u0142\u0105czy\u0107: Zasady redagowania Zg\u0142aszane artyku\u0142y musz\u0105 by\u0107 sformatowane zgodnie z Zasadami &hellip; <\/p>\n<p class=\"link-more\"><a href=\"https:\/\/lawreview.wpia.uw.edu.pl\/?page_id=989&#038;lang=pl\" class=\"more-link\">Czytaj dalej<span class=\"screen-reader-text\"> \u201eDla Autor\u00f3w\u201d<\/span><\/a><\/p>\n","protected":false},"author":1,"featured_media":0,"parent":0,"menu_order":0,"comment_status":"closed","ping_status":"closed","template":"","meta":{"footnotes":""},"class_list":["post-989","page","type-page","status-publish","hentry"],"_links":{"self":[{"href":"https:\/\/lawreview.wpia.uw.edu.pl\/index.php?rest_route=\/wp\/v2\/pages\/989","targetHints":{"allow":["GET"]}}],"collection":[{"href":"https:\/\/lawreview.wpia.uw.edu.pl\/index.php?rest_route=\/wp\/v2\/pages"}],"about":[{"href":"https:\/\/lawreview.wpia.uw.edu.pl\/index.php?rest_route=\/wp\/v2\/types\/page"}],"author":[{"embeddable":true,"href":"https:\/\/lawreview.wpia.uw.edu.pl\/index.php?rest_route=\/wp\/v2\/users\/1"}],"replies":[{"embeddable":true,"href":"https:\/\/lawreview.wpia.uw.edu.pl\/index.php?rest_route=%2Fwp%2Fv2%2Fcomments&post=989"}],"version-history":[{"count":8,"href":"https:\/\/lawreview.wpia.uw.edu.pl\/index.php?rest_route=\/wp\/v2\/pages\/989\/revisions"}],"predecessor-version":[{"id":1591,"href":"https:\/\/lawreview.wpia.uw.edu.pl\/index.php?rest_route=\/wp\/v2\/pages\/989\/revisions\/1591"}],"wp:attachment":[{"href":"https:\/\/lawreview.wpia.uw.edu.pl\/index.php?rest_route=%2Fwp%2Fv2%2Fmedia&parent=989"}],"curies":[{"name":"wp","href":"https:\/\/api.w.org\/{rel}","templated":true}]}}