{"id":74,"date":"2017-04-20T15:19:12","date_gmt":"2017-04-20T15:19:12","guid":{"rendered":"http:\/\/lawreview.wpia.uw.edu.pl\/?page_id=74"},"modified":"2025-05-13T10:22:14","modified_gmt":"2025-05-13T10:22:14","slug":"zasady-recenzowania","status":"publish","type":"page","link":"https:\/\/lawreview.wpia.uw.edu.pl\/?page_id=74&lang=pl","title":{"rendered":"Procedura recenzyjna"},"content":{"rendered":"<div style=\"line-height: 2.3em; text-align: justify;\">\n<h2 id=\"review\" class=\"anchor-sticky-solution\">Double blind review<\/h2>\n<div style=\"text-align: justify;\">Kolegium Redakcyjne dokonuje wst\u0119pnej oceny oraz selekcji artyku\u0142\u00f3w nades\u0142anych do czasopisma Przegl\u0105d Prawniczy Uniwersytetu Warszawskiego. Prace, kt\u00f3re nie spe\u0142niaj\u0105 podstawowych wymog\u00f3w merytorycznych, j\u0119zykowych oraz formalnych, s\u0105 odrzucane.Artyku\u0142y, kt\u00f3re przejd\u0105 pomy\u015blnie pierwszy etap procesu publikacyjnego, s\u0105 kierowane do recenzji. Ka\u017cdy z artyku\u0142\u00f3w zostaje zrecenzowany przez dw\u00f3ch niezale\u017cnych Recenzent\u00f3w, zewn\u0119trznych wobec jednostki naukowej Autorki\/Autora.Procedura recenzyjna przebiega w my\u015bl systemu <em>double-blind review <\/em>&#8211; oznacza to, \u017ce Autorzy oraz Recenzenci nie znaj\u0105 wzajemnie swojej to\u017csamo\u015bci.Pisemne recenzje zawieraj\u0105 jednoznaczny werdykt dotycz\u0105cy warunk\u00f3w dopuszczenia tekstu do publikacji. Warunkiem przyj\u0119cia tekstu do druku jest uzyskanie dw\u00f3ch pozytywnych recenzji. Uzyskanie chocia\u017cby jednej recenzji negatywnej skutkuje odrzuceniem artyku\u0142u.<\/p>\n<p>Zanonimizowane recenzje s\u0105 przekazywane Autorom w formacie pdf, niezale\u017cne od ich rozstrzygni\u0119cia.<\/p>\n<p>Wyniki procesu recenzyjnego s\u0105 ostateczne i nie ma mo\u017cliwo\u015bci ich podwa\u017cania.<\/p>\n<p>Kryteria kwalifikowania albo odrzucenia publikacji s\u0105 podane do publicznej wiadomo\u015bci na stronie internetowej czasopisma &#8211; zob. <a href=\"https:\/\/lawreview.wpia.uw.edu.pl\/wp-content\/uploads\/2017\/07\/PPUW.formularz-recenzji.pdf\">formularz recenzji<\/a>.<\/p>\n<\/div>\n<h2 id=\"recenzenci\" class=\"anchor-sticky-solution\">Recenzenci<\/h2>\n<div  class=\"lgc-column lgc-grid-parent lgc-grid-50 lgc-tablet-grid-50 lgc-mobile-grid-100 lgc-equal-heights \"><div  class=\"inside-grid-column\">\n<p><span style=\"font-weight: 400;\">prof. dr hab. Andrzej Bator<\/span><\/p>\n<p><span style=\"font-weight: 400;\">prof. dr hab. Andrzej Jakubecki<\/span><\/p>\n<p><span style=\"font-weight: 400;\">prof. dr hab. Dariusz Kijowski<\/span><\/p>\n<p><span style=\"font-weight: 400;\">prof. dr hab. Piotr Machnikowski<\/span><\/p>\n<p><span style=\"font-weight: 400;\">prof. dr hab. Cezary Mik<\/span><\/p>\n<p><span style=\"font-weight: 400;\">prof. dr hab. Barbara Miko\u0142ajczyk<\/span><\/p>\n<p><span style=\"font-weight: 400;\">prof. dr hab. Aurelia Nowicka<\/span><\/p>\n<p><span style=\"font-weight: 400;\">prof. dr hab. Maciej Perkowski<\/span><\/p>\n<p><span style=\"font-weight: 400;\">prof. dr hab. Eugeniusz Ru\u015bkowski<\/span><\/p>\n<p><span style=\"font-weight: 400;\">prof. dr hab. Marek Szyd\u0142o<\/span><\/p>\n<p><span style=\"font-weight: 400;\">prof. dr hab. Jaros\u0142aw Warylewski<\/span><\/p>\n<p><span style=\"font-weight: 400;\">prof. dr hab. Wojciech Zaluski<\/span><\/p>\n<p><span style=\"font-weight: 400;\">prof. dr hab. Kazimierz Zgryzek<\/span><\/p>\n<p><span style=\"font-weight: 400;\">prof. dr hab. Maria Zmierczak<\/span><\/p>\n<p><span style=\"font-weight: 400;\">prof. UMK dr hab. Micha\u0142 Balcerzak<\/span><\/p>\n<p><span style=\"font-weight: 400;\">prof. UG dr hab. Ma\u0142gorzata Balwicka-Szczyrba<\/span><\/p>\n<p><span style=\"font-weight: 400;\">prof. US dr hab. Anna Barczak<\/span><\/p>\n<p><span style=\"font-weight: 400;\">prof. U\u015a dr \u00a0hab. Rafa\u0142 Blicharz<\/span><\/p>\n<p><span style=\"font-weight: 400;\">prof. UwB dr hab. Anetta Breczko<\/span><\/p>\n<p><span style=\"font-weight: 400;\">prof. UO dr hab. Ewa Ferenc-Szyde\u0142ko<\/span><\/p>\n<p><span style=\"font-weight: 400;\">prof. Uwr dr hab. W\u0142odzimierz Gromski<\/span><\/p>\n<p><span style=\"font-weight: 400;\">prof. UW dr hab. Robert Grzeszczak<\/span><\/p>\n<p><span style=\"font-weight: 400;\">prof. UMK dr hab. Joanna Haberko<\/span><\/p>\n<p><span style=\"font-weight: 400;\">prof. U\u015a dr hab. Monika Jagielska<\/span><\/p>\n<p><span style=\"font-weight: 400;\">prof. U\u0141 dr hab. Barbara Jaworska-D\u0119bska<\/span><\/p>\n<p><span style=\"font-weight: 400;\">prof. UMCS dr hab. Andrzej Korybski<\/span><\/p>\n<p><span style=\"font-weight: 400;\">prof. UWM dr hab. Jerzy Krzyn\u00f3wek<\/span><\/p>\n<p><span style=\"font-weight: 400;\">prof. U\u0141 dr hab. Pawe\u0142 Ksi\u0119\u017cak<\/span><\/p>\n<p><span style=\"font-weight: 400;\">prof. U\u0141 dr hab. \u00a0Rafa\u0142 Kubiak<\/span><\/p>\n<p><span style=\"font-weight: 400;\">prof. UMK dr hab. Jerzy Lachowski<\/span><\/p>\n<p><span style=\"font-weight: 400;\">prof. UG dr hab. Anna Machnikowska<\/span><\/p>\n<p><span style=\"font-weight: 400;\">prof. U\u0141 dr hab. Rados\u0142aw Olszewski<\/span><\/p>\n<p><span style=\"font-weight: 400;\">prof. U\u0141 dr hab. Joanna Po\u0142aty\u0144ska<\/span><\/p>\n<p><span style=\"font-weight: 400;\">prof. U\u0141 dr hab. Anna Rakowska-Trela<\/span><\/p>\n<p><span style=\"font-weight: 400;\">prof. U\u015a dr hab. Olga Sitarz<\/span><\/p>\n<p><span style=\"font-weight: 400;\">prof. UG dr hab. S\u0142awomir Steinborn<\/span><\/p>\n<p><span style=\"font-weight: 400;\">prof. UKSW dr hab. Marek \u015awierczy\u0144ski \u00a0<\/span><\/p>\n<p><span style=\"font-weight: 400;\">prof. KUL \u00a0dr hab. Grzegorz Tylec \u00a0<\/span><\/p>\n<p><span style=\"font-weight: 400;\">prof. UM \u00a0dr hab. Monika Urbaniak<\/span><\/p>\n<p><span style=\"font-weight: 400;\">prof. KUL \u00a0dr hab. Ma\u0142gorzata W\u0105sek-Wiaderek<\/span><\/p>\n<p><span style=\"font-weight: 400;\">prof. UMK dr hab. Katarzyna Witkowska-Chrzczonowicz<\/span><\/p>\n<p><span style=\"font-weight: 400;\">prof. UWr dr hab. Gromski W\u0142odzimierz<\/span><\/p>\n<p><span style=\"font-weight: 400;\">prof. UG dr hab. Krzysztof Wo\u017aniewski<\/span><\/p>\n<p><span style=\"font-weight: 400;\">prof. UR dr hab. Mariusz Za\u0142ucki<\/span><\/p>\n<p><span style=\"font-weight: 400;\">prof. UG dr hab. Kamil Zeidler<\/span><\/p>\n<p><span style=\"font-weight: 400;\">dr hab. Piotr Bogdanowicz<\/span><\/p>\n<p><span style=\"font-weight: 400;\">dr hab. Magdalena B\u0142aszczyk<\/span><\/p>\n<p><span style=\"font-weight: 400;\">dr hab. Ewa Gajda<\/span><\/p>\n<p><span style=\"font-weight: 400;\">dr hab. Tomasz Kami\u0144ski<\/span><\/p>\n<p><span style=\"font-weight: 400;\">dr hab. Marcin Kilanowski<\/span><\/p>\n<p><span style=\"font-weight: 400;\">dr hab. Katarzyna Klafkowska-Wa\u015bniowska<\/span><\/p>\n<p><span style=\"font-weight: 400;\">dr hab. Konrad Kohutek<\/span><\/p>\n<p><span style=\"font-weight: 400;\">dr hab. Wojciech Konaszczuk<\/span><\/p>\n<p><span style=\"font-weight: 400;\">dr hab. Krzysztof Ko\u017ami\u0144ski<\/span><\/p>\n<p><span style=\"font-weight: 400;\">dr hab. Adam Krzywo\u0144<\/span><\/p>\n<p><span style=\"font-weight: 400;\">dr hab. Krystyna Nizio\u0142<\/span><\/p>\n<p><span style=\"font-weight: 400;\">dr hab. Karol Osajda<\/span><\/p>\n<p><span style=\"font-weight: 400;\">dr hab. Piotr Pomianowski<\/span><\/p>\n<p><span style=\"font-weight: 400;\">dr hab. Maciej \u015alifirczyk <\/span><\/p>\n<p><span style=\"font-weight: 400;\">dr hab. Maciej Taborowski<\/span><\/p>\n<p><span style=\"font-weight: 400;\">dr hab. Marek Tracz-Tryniecki<\/span><\/p>\n<p><span style=\"font-weight: 400;\">dr hab. Micha\u0142 Urba\u0144czyk<\/span><\/p>\n<p><span style=\"font-weight: 400;\">dr hab. Monika Wa\u0142achowska<\/span><\/p>\n<p><span style=\"font-weight: 400;\">dr hab. Ewa Wojtaszek-Mik<\/span><\/p>\n<p><span style=\"font-weight: 400;\">dr hab. \u00a0Sylwia Wojtczak<\/span><\/p>\n<p>dr hab. Anna Zientara<\/p>\n<p><span style=\"font-weight: 400;\">dr hab. \u0141ukasz \u017belechowski<\/span><\/p>\n<p><span style=\"font-weight: 400;\">dr Monika Adamczak-Retecka<\/span><\/p>\n<p><span style=\"font-weight: 400;\">dr Marta Andruszkiewicz<\/span><\/p>\n<p><span style=\"font-weight: 400;\">dr Micha\u0142 Araszkiewicz<\/span><\/p>\n<p><span style=\"font-weight: 400;\">dr Adam Banaszkiewicz<\/span><\/p>\n<p><span style=\"font-weight: 400;\">dr Aleksander W. Bauknecht<\/span><\/p>\n<p><span style=\"font-weight: 400;\">dr Justyna Bazyli\u0144ska-Nagler<\/span><\/p>\n<p><span style=\"font-weight: 400;\">dr W\u0142odzimierz Bendza<\/span><\/p>\n<p><span style=\"font-weight: 400;\">dr Arkadiusz Bieli\u0144ski<\/span><\/p>\n<p><span style=\"font-weight: 400;\">dr Witold Borysiak<\/span><\/p>\n<p><span style=\"font-weight: 400;\">dr Joanna Buchalska<\/span><\/p>\n<p><span style=\"font-weight: 400;\">dr Aleksandra Budniak-Rogala<\/span><\/p>\n<p><span style=\"font-weight: 400;\">dr Ewelina Ca\u0142a-Wacinkiewicz<\/span><\/p>\n<p><span style=\"font-weight: 400;\">dr Anna Chor\u0105\u017cewska<\/span><\/p>\n<p><span style=\"font-weight: 400;\">dr Damian Cyman<\/span><\/p>\n<p><span style=\"font-weight: 400;\">dr Anna Czapi\u0144ska<\/span><\/p>\n<p>dr Pawe\u0142 Czarnecki<\/p>\n<p><span style=\"font-weight: 400;\">dr Karol D\u0105browski<\/span><\/p>\n<p><span style=\"font-weight: 400;\">dr Karol Dobrzeniecki<\/span><\/p>\n<p><span style=\"font-weight: 400;\">dr Tomasz Dolata<\/span><\/p>\n<p>dr Maciej Duda<\/p>\n<p><\/p><\/div><\/div>\n<div  class=\"lgc-column lgc-grid-parent lgc-grid-50 lgc-tablet-grid-50 lgc-mobile-grid-100 lgc-equal-heights \"><div  class=\"inside-grid-column\">\n<p>dr Izabela Florczak<\/p>\n<p><span style=\"font-weight: 400;\">dr Katarzyna Gajda-Roszczynialska<\/span><\/p>\n<p><span style=\"font-weight: 400;\">dr Agnieszka Gajda<\/span><\/p>\n<p>dr Zuzanna G\u0105dzik<\/p>\n<p><span style=\"font-weight: 400;\">dr Monika Gi\u017cy\u0144ska<\/span><\/p>\n<p><span style=\"font-weight: 400;\">dr Marcin Glicz<\/span><\/p>\n<p>dr El\u017cbieta Gudowska-Natanek<\/p>\n<p><span style=\"font-weight: 400;\">dr Dorota Habrat<\/span><\/p>\n<p><span style=\"font-weight: 400;\">dr Miko\u0142aj Hermann<\/span><\/p>\n<p><span style=\"font-weight: 400;\">dr Pawe\u0142 Jab\u0142o\u0144ski<\/span><\/p>\n<p><span style=\"font-weight: 400;\">dr Dariusz Jagie\u0142\u0142o <\/span><\/p>\n<p><span style=\"font-weight: 400;\">dr Dagmara Jaroszewska-Chora\u015b<\/span><\/p>\n<p><span style=\"font-weight: 400;\">dr Bogna Kaczorowska<\/span><\/p>\n<p><span style=\"font-weight: 400;\">dr Krzysztof Kaleta<\/span><\/p>\n<p><span style=\"font-weight: 400;\">dr Adriana Kalicka-Miko\u0142ajczyk<\/span><\/p>\n<p><span style=\"font-weight: 400;\">dr \u0141ukasz Karczy\u0144ski<\/span><\/p>\n<p><span style=\"font-weight: 400;\">dr Jakub K\u0119pi\u0144ski<\/span><\/p>\n<p><span style=\"font-weight: 400;\">dr Anna Klimaszewska<\/span><\/p>\n<p><span style=\"font-weight: 400;\">dr Hanna Kociemska<\/span><\/p>\n<p><span style=\"font-weight: 400;\">dr Agnieszka Koniewicz<\/span><\/p>\n<p><span style=\"font-weight: 400;\">dr Magdalena Kowalewska-\u0141uku\u0107<\/span><\/p>\n<p><span style=\"font-weight: 400;\">dr Ewa Kozerska<\/span><\/p>\n<p><span style=\"font-weight: 400;\">dr Katarzyna Krupa-Lipi\u0144ska<\/span><\/p>\n<p><span style=\"font-weight: 400;\">dr Micha\u0142 Ku\u0107ka<\/span><\/p>\n<p><span style=\"font-weight: 400;\">dr \u0141ukasz Kurek<\/span><\/p>\n<p><span style=\"font-weight: 400;\">dr Ewa Laskowska<\/span><\/p>\n<p><span style=\"font-weight: 400;\">dr Ewa Lewandowska<\/span><\/p>\n<p><span style=\"font-weight: 400;\">dr Piotr Lisso\u0144<\/span><\/p>\n<p><span style=\"font-weight: 400;\">dr Olga \u0141acharz<\/span><\/p>\n<p><span style=\"font-weight: 400;\">dr Jakub M. \u0141ukasiewicz<\/span><\/p>\n<p><span style=\"font-weight: 400;\">dr Hanna Machi\u0144ska<\/span><\/p>\n<p><span style=\"font-weight: 400;\">dr Janusz Malanowski<\/span><\/p>\n<p><span style=\"font-weight: 400;\">dr Katarzyna Malinowska-Wo\u017aniak<\/span><\/p>\n<p><span style=\"font-weight: 400;\">dr Rafa\u0142 Michalczak<\/span><\/p>\n<p><span style=\"font-weight: 400;\">dr Marek Mr\u00f3wczy\u0144ski<\/span><\/p>\n<p><span style=\"font-weight: 400;\">dr Anna Napi\u00f3rkowska<\/span><\/p>\n<p><span style=\"font-weight: 400;\">dr Monika Nied\u017awied\u017a<\/span><\/p>\n<p><span style=\"font-weight: 400;\">dr Robert Oktaba<\/span><\/p>\n<p><span style=\"font-weight: 400;\">dr S\u0142awomir Oliwniak<\/span><\/p>\n<p><span style=\"font-weight: 400;\">dr Marcin Olsz\u00f3wka<\/span><\/p>\n<p><span style=\"font-weight: 400;\">dr Grzegorz Pacek<\/span><\/p>\n<p><span style=\"font-weight: 400;\">dr Jakub Pawliczak<\/span><\/p>\n<p><span style=\"font-weight: 400;\">dr Micha\u0142 Peno<\/span><\/p>\n<p><span style=\"font-weight: 400;\">dr Magdalena Perkowska<\/span><\/p>\n<p><span style=\"font-weight: 400;\">dr Maciej Pichlak<\/span><\/p>\n<p><span style=\"font-weight: 400;\">dr Ma\u0142gorzata Ilona Przybojewska<\/span><\/p>\n<p><span style=\"font-weight: 400;\">dr Aleksander Raczy\u0144ski<\/span><\/p>\n<p><span style=\"font-weight: 400;\">dr Piotr R\u0105czka<\/span><\/p>\n<p><span style=\"font-weight: 400;\">dr Magdalena Rutkowska-Sowa<\/span><\/p>\n<p><span style=\"font-weight: 400;\">dr Joanna Ryszka<\/span><\/p>\n<p><span style=\"font-weight: 400;\">dr Maciej Serowaniec<\/span><\/p>\n<p><span style=\"font-weight: 400;\">dr Boubacar Sidi Diallo <\/span><\/p>\n<p><span style=\"font-weight: 400;\">dr Maciej Skory<\/span><\/p>\n<p><span style=\"font-weight: 400;\">dr Jacek Skorosz<\/span><\/p>\n<p><span style=\"font-weight: 400;\">dr Marek Stawecki<\/span><\/p>\n<p><span style=\"font-weight: 400;\">dr Marcin St\u0119belski<\/span><\/p>\n<p><span style=\"font-weight: 400;\">dr Micha\u0142 St\u0119pie\u0144<\/span><\/p>\n<p><span style=\"font-weight: 400;\">dr Robert Szczepankowski<\/span><\/p>\n<p><span style=\"font-weight: 400;\">dr Adam Szot <\/span><\/p>\n<p><span style=\"font-weight: 400;\">dr Renata Tanajewska<\/span><\/p>\n<p>dr Przemys\u0142aw Telenga<\/p>\n<p><span style=\"font-weight: 400;\">dr Karolina Tet\u0142ak<\/span><\/p>\n<p><span style=\"font-weight: 400;\">dr Agata Wnukiewicz-Koz\u0142owska<\/span><\/p>\n<p><span style=\"font-weight: 400;\">dr Zbigniew Wo\u017aniak<\/span><\/p>\n<p><span style=\"font-weight: 400;\">dr Wojciech Wyrzykowski<\/span><\/p>\n<p><span style=\"font-weight: 400;\">dr Vita Zag\u00f3rowska<\/span><\/p>\n<p><span style=\"font-weight: 400;\">dr Pawe\u0142 Zdanikowski<\/span><\/p>\n<p><span style=\"font-weight: 400;\">dr Mariusz Zelek<\/span><\/p>\n<p>dr Monika Ziniewicz<\/p>\n<p><span style=\"font-weight: 400;\">dr Agnieszka Zwoli\u0144ska<\/span><\/p>\n<p><span style=\"font-weight: 400;\">dr Ma\u0142gorzata \u017bbikowska<\/span><\/p>\n<p><\/p><\/div><\/div><div class=\"lgc-clear\"><\/div>\n<\/div>\n","protected":false},"excerpt":{"rendered":"<p>Double blind review Kolegium Redakcyjne dokonuje wst\u0119pnej oceny oraz selekcji artyku\u0142\u00f3w nades\u0142anych do czasopisma Przegl\u0105d Prawniczy Uniwersytetu Warszawskiego. Prace, kt\u00f3re nie spe\u0142niaj\u0105 podstawowych wymog\u00f3w merytorycznych, j\u0119zykowych oraz formalnych, s\u0105 odrzucane.Artyku\u0142y, kt\u00f3re przejd\u0105 pomy\u015blnie pierwszy etap procesu publikacyjnego, s\u0105 kierowane do recenzji. Ka\u017cdy z artyku\u0142\u00f3w zostaje zrecenzowany przez dw\u00f3ch niezale\u017cnych Recenzent\u00f3w, zewn\u0119trznych wobec jednostki naukowej Autorki\/Autora.Procedura &hellip; <\/p>\n<p class=\"link-more\"><a href=\"https:\/\/lawreview.wpia.uw.edu.pl\/?page_id=74&#038;lang=pl\" class=\"more-link\">Czytaj dalej<span class=\"screen-reader-text\"> \u201eProcedura recenzyjna\u201d<\/span><\/a><\/p>\n","protected":false},"author":1,"featured_media":0,"parent":0,"menu_order":0,"comment_status":"closed","ping_status":"closed","template":"","meta":{"footnotes":""},"class_list":["post-74","page","type-page","status-publish","hentry"],"_links":{"self":[{"href":"https:\/\/lawreview.wpia.uw.edu.pl\/index.php?rest_route=\/wp\/v2\/pages\/74","targetHints":{"allow":["GET"]}}],"collection":[{"href":"https:\/\/lawreview.wpia.uw.edu.pl\/index.php?rest_route=\/wp\/v2\/pages"}],"about":[{"href":"https:\/\/lawreview.wpia.uw.edu.pl\/index.php?rest_route=\/wp\/v2\/types\/page"}],"author":[{"embeddable":true,"href":"https:\/\/lawreview.wpia.uw.edu.pl\/index.php?rest_route=\/wp\/v2\/users\/1"}],"replies":[{"embeddable":true,"href":"https:\/\/lawreview.wpia.uw.edu.pl\/index.php?rest_route=%2Fwp%2Fv2%2Fcomments&post=74"}],"version-history":[{"count":4,"href":"https:\/\/lawreview.wpia.uw.edu.pl\/index.php?rest_route=\/wp\/v2\/pages\/74\/revisions"}],"predecessor-version":[{"id":1490,"href":"https:\/\/lawreview.wpia.uw.edu.pl\/index.php?rest_route=\/wp\/v2\/pages\/74\/revisions\/1490"}],"wp:attachment":[{"href":"https:\/\/lawreview.wpia.uw.edu.pl\/index.php?rest_route=%2Fwp%2Fv2%2Fmedia&parent=74"}],"curies":[{"name":"wp","href":"https:\/\/api.w.org\/{rel}","templated":true}]}}