{"id":72,"date":"2017-04-20T15:19:02","date_gmt":"2017-04-20T15:19:02","guid":{"rendered":"http:\/\/lawreview.wpia.uw.edu.pl\/?page_id=72"},"modified":"2023-06-20T13:56:01","modified_gmt":"2023-06-20T13:56:01","slug":"peer-review","status":"publish","type":"page","link":"https:\/\/lawreview.wpia.uw.edu.pl\/?page_id=72&lang=en","title":{"rendered":"Review process"},"content":{"rendered":"<div style=\"line-height: 2.3em; text-align: justify;\">\n<h2 id=\"review\" class=\"anchor-sticky-solution\">Double blind review<\/h2>\n<div style=\"text-align: justify;\">\n<p>The preliminary evaluation of articles submitted to the Warsaw University Law Review is performed by the Editorial Board. Papers that do not meet basic linguistic and substantive requirements are rejected.<\/p>\n<p>Papers that successfully passed the first stage of publcation process are sent to reviewers.<\/p>\n<p>Every paper is reviewed by two reviewers external to the academic entity of the Author.<\/p>\n<p>Review process is double-blind, which means that the Authors and Reviewers do not know each other\u2019s identity.<\/p>\n<p>Written reviews contain a clear verdict regarding the conditions of admission of the paper.<\/p>\n<p>The condition of accepting the paper for publication is obtaining two positive reviews.<\/p>\n<p>Obtaining at least one negative review results in rejection of the article.<\/p>\n<p>Anonymized reviews are submitted to the Authors in pdf format, regardless of their settlement.<\/p>\n<p>The results of the review process are final and there is no way to undermine them.<\/p>\n<p>The criteria for qualifying or rejectiong a paper are <a href=\"https:\/\/lawreview.wpia.uw.edu.pl\/wp-content\/uploads\/2021\/02\/PPUW.formularz-recenzji-ang.docx\">public on the journal\u2019s website<\/a>.<\/p>\n<\/div>\n<h2 id=\"recenzenci\" class=\"anchor-sticky-solution\">Reviewers<\/h2>\n<div  class=\"lgc-column lgc-grid-parent lgc-grid-50 lgc-tablet-grid-50 lgc-mobile-grid-100 lgc-equal-heights \"><div  class=\"inside-grid-column\">\n<p><span style=\"font-weight: 400;\">prof. dr. habil. Andrzej Bator<\/span><\/p>\n<p><span style=\"font-weight: 400;\">prof. dr. habil. Andrzej Jakubecki<\/span><\/p>\n<p><span style=\"font-weight: 400;\">prof. dr. habil. Dariusz Kijowski<\/span><\/p>\n<p><span style=\"font-weight: 400;\">prof. dr. habil. Piotr Machnikowski<\/span><\/p>\n<p><span style=\"font-weight: 400;\">prof. dr. habil. Cezary Mik<\/span><\/p>\n<p><span style=\"font-weight: 400;\">prof. dr. habil. Barbara Miko\u0142ajczyk<\/span><\/p>\n<p><span style=\"font-weight: 400;\">prof. dr. habil. Aurelia Nowicka<\/span><\/p>\n<p><span style=\"font-weight: 400;\">prof. dr. habil. Maciej Perkowski<\/span><\/p>\n<p><span style=\"font-weight: 400;\">prof. dr. habil. Eugeniusz Ru\u015bkowski<\/span><\/p>\n<p><span style=\"font-weight: 400;\">prof. dr. habil. Marek Szyd\u0142o<\/span><\/p>\n<p><span style=\"font-weight: 400;\">prof. dr. habil. Jaros\u0142aw Warylewski<\/span><\/p>\n<p><span style=\"font-weight: 400;\">prof. dr. habil. Wojciech Zaluski<\/span><\/p>\n<p><span style=\"font-weight: 400;\">prof. dr. habil. Kazimierz Zgryzek<\/span><\/p>\n<p><span style=\"font-weight: 400;\">prof. dr. habil. Maria Zmierczak<\/span><\/p>\n<p><span style=\"font-weight: 400;\">prof. UMK dr. habil. Micha\u0142 Balcerzak<\/span><\/p>\n<p><span style=\"font-weight: 400;\">prof. UG dr. habil. Ma\u0142gorzata Balwicka-Szczyrba<\/span><\/p>\n<p><span style=\"font-weight: 400;\">prof. US dr. habil. Anna Barczak<\/span><\/p>\n<p><span style=\"font-weight: 400;\">prof. U\u015a dr. \u00a0habil. Rafa\u0142 Blicharz<\/span><\/p>\n<p><span style=\"font-weight: 400;\">prof. UwB dr. habil. Anetta Breczko<\/span><\/p>\n<p><span style=\"font-weight: 400;\">prof. UO dr. habil. Ewa Ferenc-Szyde\u0142ko<\/span><\/p>\n<p><span style=\"font-weight: 400;\">prof. UWr dr. habil. W\u0142odzimierz Gromski<\/span><\/p>\n<p><span style=\"font-weight: 400;\">prof. UW dr. habil. Robert Grzeszczak<\/span><\/p>\n<p><span style=\"font-weight: 400;\">prof. UMK dr. habil. Joanna Haberko<\/span><\/p>\n<p><span style=\"font-weight: 400;\">prof. U\u015a dr. habil. Monika Jagielska<\/span><\/p>\n<p><span style=\"font-weight: 400;\">prof. U\u0141 dr. habil. Barbara Jaworska-D\u0119bska<\/span><\/p>\n<p><span style=\"font-weight: 400;\">prof. UMCS dr. habil. Andrzej Korybski<\/span><\/p>\n<p><span style=\"font-weight: 400;\">dr. habil. Krzysztof Ko\u017ami\u0144ski<\/span><\/p>\n<p><span style=\"font-weight: 400;\">prof. UWM dr. habil. Jerzy Krzyn\u00f3wek<\/span><\/p>\n<p><span style=\"font-weight: 400;\">prof. U\u0141 dr. habil. Pawe\u0142 Ksi\u0119\u017cak<\/span><\/p>\n<p><span style=\"font-weight: 400;\">prof. U\u0141 dr. habil. Rafa\u0142 Kubiak<\/span><\/p>\n<p><span style=\"font-weight: 400;\">prof. UMK dr. habil. Jerzy Lachowski<\/span><\/p>\n<p><span style=\"font-weight: 400;\">prof. UG dr. habil. Anna Machnikowska<\/span><\/p>\n<p><span style=\"font-weight: 400;\">prof. U\u0141 dr. habil. Rados\u0142aw Olszewski<\/span><\/p>\n<p><span style=\"font-weight: 400;\">prof. U\u0141 dr. habil. Joanna Po\u0142aty\u0144ska<\/span><\/p>\n<p><span style=\"font-weight: 400;\">prof. U\u0141 dr. habil. Anna Rakowska-Trela<\/span><\/p>\n<p><span style=\"font-weight: 400;\">prof. U\u015a dr. habil. Olga Sitarz<\/span><\/p>\n<p><span style=\"font-weight: 400;\">prof. UG dr. habil. S\u0142awomir Steinborn<\/span><\/p>\n<p><span style=\"font-weight: 400;\">prof. UKSW dr. habil. Marek \u015awierczy\u0144ski \u00a0<\/span><\/p>\n<p><span style=\"font-weight: 400;\">prof. KUL dr. habil. Grzegorz Tylec \u00a0<\/span><\/p>\n<p><span style=\"font-weight: 400;\">prof. UM dr. habil. Monika Urbaniak<\/span><\/p>\n<p><span style=\"font-weight: 400;\">prof. KUL dr. habil. Ma\u0142gorzata W\u0105sek-Wiaderek<\/span><\/p>\n<p><span style=\"font-weight: 400;\">prof. UMK dr. habil. Katarzyna Witkowska-Chrzczonowicz<\/span><\/p>\n<p><span style=\"font-weight: 400;\">prof. UWr dr. habil. Gromski W\u0142odzimierz<\/span><\/p>\n<p><span style=\"font-weight: 400;\">prof. UG dr. habil. Krzysztof Wo\u017aniewski<\/span><\/p>\n<p><span style=\"font-weight: 400;\">prof. UR dr. habil. Mariusz Za\u0142ucki<\/span><\/p>\n<p><span style=\"font-weight: 400;\">prof. UG dr. habil. Kamil Zeidler<\/span><\/p>\n<p><span style=\"font-weight: 400;\">dr. habil. Magdalena B\u0142aszczyk<\/span><\/p>\n<p><span style=\"font-weight: 400;\">dr. habil. Piotr Bogdanowicz<\/span><\/p>\n<p><span style=\"font-weight: 400;\">dr. habil. Ewa Gajda<\/span><\/p>\n<p><span style=\"font-weight: 400;\">dr. habil. Tomasz Kami\u0144ski<\/span><\/p>\n<p><span style=\"font-weight: 400;\">dr. habil. Marcin Kilanowski<\/span><\/p>\n<p><span style=\"font-weight: 400;\">dr. habil. Katarzyna Klafkowska-Wa\u015bniowska<\/span><\/p>\n<p><span style=\"font-weight: 400;\">dr. habil. Konrad Kohutek<\/span><\/p>\n<p><span style=\"font-weight: 400;\">dr. habil. Wojciech Konaszczuk<\/span><\/p>\n<p><span style=\"font-weight: 400;\">dr. habil. Adam Krzywo\u0144<\/span><\/p>\n<p><span style=\"font-weight: 400;\">dr. habil. Krystyna Nizio\u0142<\/span><\/p>\n<p><span style=\"font-weight: 400;\">dr. habil. Karol Osajda<\/span><\/p>\n<p><span style=\"font-weight: 400;\">dr. habil. Piotr Pomianowski<\/span><\/p>\n<p><span style=\"font-weight: 400;\">dr. habil. Maciej \u015alifirczyk<\/span><\/p>\n<p><span style=\"font-weight: 400;\">dr. habil. Maciej Taborowski<\/span><\/p>\n<p><span style=\"font-weight: 400;\">dr. habil. Marek Tracz-Tryniecki<\/span><\/p>\n<p><span style=\"font-weight: 400;\">dr habil. Micha\u0142 Urba\u0144czyk<\/span><\/p>\n<p><span style=\"font-weight: 400;\">dr. habil. Monika Wa\u0142achowska<\/span><\/p>\n<p><span style=\"font-weight: 400;\">dr. habil. Ewa Wojtaszek-Mik<\/span><\/p>\n<p><span style=\"font-weight: 400;\">dr. habil. \u00a0Sylwia Wojtczak<\/span><\/p>\n<p><span style=\"font-weight: 400;\">dr. habil. \u0141ukasz \u017belechowski<\/span><\/p>\n<p><span style=\"font-weight: 400;\">dr. Monika Adamczak-Retecka<\/span><\/p>\n<p><span style=\"font-weight: 400;\">dr. Marta Andruszkiewicz<\/span><\/p>\n<p><span style=\"font-weight: 400;\">dr. Micha\u0142 Araszkiewicz<\/span><\/p>\n<p><span style=\"font-weight: 400;\">dr. Adam Banaszkiewicz<\/span><\/p>\n<p><span style=\"font-weight: 400;\">dr. Aleksander W. Bauknecht<\/span><\/p>\n<p><span style=\"font-weight: 400;\">dr. Justyna Bazyli\u0144ska-Nagler<\/span><\/p>\n<p><span style=\"font-weight: 400;\">dr. W\u0142odzimierz Bendza<\/span><\/p>\n<p><span style=\"font-weight: 400;\">dr. Arkadiusz Bieli\u0144ski<\/span><\/p>\n<p><span style=\"font-weight: 400;\">dr. Witold Borysiak<\/span><\/p>\n<p><span style=\"font-weight: 400;\">dr. Joanna Buchalska<\/span><\/p>\n<p><span style=\"font-weight: 400;\">dr. Aleksandra Budniak-Rogala<\/span><\/p>\n<p><span style=\"font-weight: 400;\">dr. Ewelina Ca\u0142a-Wacinkiewicz<\/span><\/p>\n<p><span style=\"font-weight: 400;\">dr. Anna Chor\u0105\u017cewska<\/span><\/p>\n<p><span style=\"font-weight: 400;\">dr. Damian Cyman<\/span><\/p>\n<p><span style=\"font-weight: 400;\">dr. Anna Czapi\u0144ska<\/span><\/p>\n<p><span style=\"font-weight: 400;\">dr. Karol D\u0105browski<\/span><\/p>\n<p><span style=\"font-weight: 400;\">dr. Karol Dobrzeniecki<\/span><\/p>\n<p><span style=\"font-weight: 400;\">dr. Tomasz Dolata<\/span><\/p>\n<p><\/p><\/div><\/div>\n<div  class=\"lgc-column lgc-grid-parent lgc-grid-50 lgc-tablet-grid-50 lgc-mobile-grid-100 lgc-equal-heights \"><div  class=\"inside-grid-column\">\n<p>dr. Izabela Florczak<\/p>\n<p><span style=\"font-weight: 400;\">dr. Katarzyna Gajda-Roszczynialska<\/span><\/p>\n<p><span style=\"font-weight: 400;\">dr. Agnieszka Gajda<\/span><\/p>\n<p><span style=\"font-weight: 400;\">dr. Monika Gi\u017cy\u0144ska<\/span><\/p>\n<p><span style=\"font-weight: 400;\">dr. Marcin Glicz<\/span><\/p>\n<p><span style=\"font-weight: 400;\">dr. Dorota Habrat<\/span><\/p>\n<p><span style=\"font-weight: 400;\">dr. Miko\u0142aj Hermann<\/span><\/p>\n<p><span style=\"font-weight: 400;\">dr. Pawe\u0142 Jab\u0142o\u0144ski<\/span><\/p>\n<p><span style=\"font-weight: 400;\">dr. Dariusz Jagie\u0142\u0142o <\/span><\/p>\n<p><span style=\"font-weight: 400;\">dr. Dagmara Jaroszewska-Chora\u015b<\/span><\/p>\n<p><span style=\"font-weight: 400;\">dr. Bogna Kaczorowska<\/span><\/p>\n<p><span style=\"font-weight: 400;\">dr. Krzysztof Kaleta<\/span><\/p>\n<p><span style=\"font-weight: 400;\">dr Adriana Kalicka-Miko\u0142ajczyk<\/span><\/p>\n<p><span style=\"font-weight: 400;\">dr. \u0141ukasz Karczy\u0144ski<\/span><\/p>\n<p><span style=\"font-weight: 400;\">dr. Jakub K\u0119pi\u0144ski<\/span><\/p>\n<p><span style=\"font-weight: 400;\">dr. Anna Klimaszewska<\/span><\/p>\n<p><span style=\"font-weight: 400;\">dr. Hanna Kociemska<\/span><\/p>\n<p><span style=\"font-weight: 400;\">dr. Agnieszka Koniewicz<\/span><\/p>\n<p><span style=\"font-weight: 400;\">dr. Magdalena Kowalewska-\u0141uku\u0107<\/span><\/p>\n<p><span style=\"font-weight: 400;\">dr. Ewa Kozerska<\/span><\/p>\n<p><span style=\"font-weight: 400;\">dr. Katarzyna Krupa-Lipi\u0144ska<\/span><\/p>\n<p><span style=\"font-weight: 400;\">dr. Micha\u0142 Ku\u0107ka<\/span><\/p>\n<p><span style=\"font-weight: 400;\">dr. \u0141ukasz Kurek<\/span><\/p>\n<p><span style=\"font-weight: 400;\">dr. Ewa Laskowska<\/span><\/p>\n<p><span style=\"font-weight: 400;\">dr. Ewa Lewandowska<\/span><\/p>\n<p><span style=\"font-weight: 400;\">dr. Piotr Lisso\u0144<\/span><\/p>\n<p><span style=\"font-weight: 400;\">dr. Olga \u0141acharz<\/span><\/p>\n<p><span style=\"font-weight: 400;\">dr. Jakub M. \u0141ukasiewicz<\/span><\/p>\n<p><span style=\"font-weight: 400;\">dr. Hanna Machi\u0144ska<\/span><\/p>\n<p><span style=\"font-weight: 400;\">dr. Janusz Malanowski<\/span><\/p>\n<p><span style=\"font-weight: 400;\">dr. Katarzyna Malinowska-Wo\u017aniak<\/span><\/p>\n<p><span style=\"font-weight: 400;\">dr. Rafa\u0142 Michalczak<\/span><\/p>\n<p><span style=\"font-weight: 400;\">dr. Marek Mr\u00f3wczy\u0144ski<\/span><\/p>\n<p><span style=\"font-weight: 400;\">dr. Anna Napi\u00f3rkowska<\/span><\/p>\n<p><span style=\"font-weight: 400;\">dr. Monika Nied\u017awied\u017a<\/span><\/p>\n<p><span style=\"font-weight: 400;\">dr. Robert Oktaba<\/span><\/p>\n<p><span style=\"font-weight: 400;\">dr. S\u0142awomir Oliwniak<\/span><\/p>\n<p><span style=\"font-weight: 400;\">dr. Marcin Olsz\u00f3wka<\/span><\/p>\n<p><span style=\"font-weight: 400;\">dr. Grzegorz Pacek<\/span><\/p>\n<p><span style=\"font-weight: 400;\">dr. Jakub Pawliczak<\/span><\/p>\n<p><span style=\"font-weight: 400;\">dr. Micha\u0142 Peno<\/span><\/p>\n<p><span style=\"font-weight: 400;\">dr. Magdalena Perkowska<\/span><\/p>\n<p><span style=\"font-weight: 400;\">dr. Maciej Pichlak<\/span><\/p>\n<p><span style=\"font-weight: 400;\">dr. Ma\u0142gorzata Ilona Przybojewska<\/span><\/p>\n<p><span style=\"font-weight: 400;\">dr. Aleksander Raczy\u0144ski<\/span><\/p>\n<p><span style=\"font-weight: 400;\">dr. Piotr R\u0105czka<\/span><\/p>\n<p><span style=\"font-weight: 400;\">dr. Magdalena Rutkowska-Sowa<\/span><\/p>\n<p><span style=\"font-weight: 400;\">dr. Joanna Ryszka<\/span><\/p>\n<p><span style=\"font-weight: 400;\">dr. Maciej Serowaniec<\/span><\/p>\n<p><span style=\"font-weight: 400;\">dr. Boubacar Sidi Diallo <\/span><\/p>\n<p><span style=\"font-weight: 400;\">dr. Maciej Skory<\/span><\/p>\n<p><span style=\"font-weight: 400;\">dr. Jacek Skorosz<\/span><\/p>\n<p><span style=\"font-weight: 400;\">dr. Marek Stawecki<\/span><\/p>\n<p><span style=\"font-weight: 400;\">dr. Marcin St\u0119belski<\/span><\/p>\n<p><span style=\"font-weight: 400;\">dr. Micha\u0142 St\u0119pie\u0144<\/span><\/p>\n<p><span style=\"font-weight: 400;\">dr. Robert Szczepankowski<\/span><\/p>\n<p><span style=\"font-weight: 400;\">dr. Adam Szot <\/span><\/p>\n<p><span style=\"font-weight: 400;\">dr Renata Tanajewska<\/span><\/p>\n<p><span style=\"font-weight: 400;\">dr. Karolina Tet\u0142ak<\/span><\/p>\n<p><span style=\"font-weight: 400;\">dr. Agata Wnukiewicz-Koz\u0142owska<\/span><\/p>\n<p><span style=\"font-weight: 400;\">dr. Zbigniew Wo\u017aniak<\/span><\/p>\n<p><span style=\"font-weight: 400;\">dr. Wojciech Wyrzykowski<\/span><\/p>\n<p><span style=\"font-weight: 400;\">dr. Vita Zag\u00f3rowska<\/span><\/p>\n<p><span style=\"font-weight: 400;\">dr. Pawe\u0142 Zdanikowski<\/span><\/p>\n<p><span style=\"font-weight: 400;\">dr. Mariusz Zelek<\/span><\/p>\n<p><span style=\"font-weight: 400;\">dr. Anna Zientara<\/span><\/p>\n<p><span style=\"font-weight: 400;\">dr. Agnieszka Zwoli\u0144ska<\/span><\/p>\n<p><span style=\"font-weight: 400;\">dr. Ma\u0142gorzata \u017bbikowska<\/span><\/p>\n<p><\/p><\/div><\/div><div class=\"lgc-clear\"><\/div>\n<\/div>\n","protected":false},"excerpt":{"rendered":"<p>Double blind review The preliminary evaluation of articles submitted to the Warsaw University Law Review is performed by the Editorial Board. Papers that do not meet basic linguistic and substantive requirements are rejected. Papers that successfully passed the first stage of publcation process are sent to reviewers. Every paper is reviewed by two reviewers external &hellip; <\/p>\n<p class=\"link-more\"><a href=\"https:\/\/lawreview.wpia.uw.edu.pl\/?page_id=72&#038;lang=en\" class=\"more-link\">Czytaj dalej<span class=\"screen-reader-text\"> \u201eReview process\u201d<\/span><\/a><\/p>\n","protected":false},"author":1,"featured_media":0,"parent":0,"menu_order":0,"comment_status":"closed","ping_status":"closed","template":"","meta":{"footnotes":""},"class_list":["post-72","page","type-page","status-publish","hentry"],"_links":{"self":[{"href":"https:\/\/lawreview.wpia.uw.edu.pl\/index.php?rest_route=\/wp\/v2\/pages\/72","targetHints":{"allow":["GET"]}}],"collection":[{"href":"https:\/\/lawreview.wpia.uw.edu.pl\/index.php?rest_route=\/wp\/v2\/pages"}],"about":[{"href":"https:\/\/lawreview.wpia.uw.edu.pl\/index.php?rest_route=\/wp\/v2\/types\/page"}],"author":[{"embeddable":true,"href":"https:\/\/lawreview.wpia.uw.edu.pl\/index.php?rest_route=\/wp\/v2\/users\/1"}],"replies":[{"embeddable":true,"href":"https:\/\/lawreview.wpia.uw.edu.pl\/index.php?rest_route=%2Fwp%2Fv2%2Fcomments&post=72"}],"version-history":[{"count":2,"href":"https:\/\/lawreview.wpia.uw.edu.pl\/index.php?rest_route=\/wp\/v2\/pages\/72\/revisions"}],"predecessor-version":[{"id":1395,"href":"https:\/\/lawreview.wpia.uw.edu.pl\/index.php?rest_route=\/wp\/v2\/pages\/72\/revisions\/1395"}],"wp:attachment":[{"href":"https:\/\/lawreview.wpia.uw.edu.pl\/index.php?rest_route=%2Fwp%2Fv2%2Fmedia&parent=72"}],"curies":[{"name":"wp","href":"https:\/\/api.w.org\/{rel}","templated":true}]}}