{"id":167,"date":"2017-05-28T10:56:36","date_gmt":"2017-05-28T10:56:36","guid":{"rendered":"http:\/\/lawreview.wpia.uw.edu.pl\/?page_id=167"},"modified":"2025-04-10T07:42:08","modified_gmt":"2025-04-10T07:42:08","slug":"167-2","status":"publish","type":"page","link":"https:\/\/lawreview.wpia.uw.edu.pl\/?page_id=167&lang=pl","title":{"rendered":"Strona G\u0142\u00f3wna"},"content":{"rendered":"<div style=\"line-height: 2.3em; text-align: justify;\">\n<p style=\"color: #000000; text-align: justify;\">Przegl\u0105d Prawniczy Uniwersytetu Warszawskiego jest mi\u0119dzynarodowym czasopismem naukowym wydawanym na Wydziale Prawa i Administracji Uniwersytetu Warszawskiego. Podstawowym celem Przegl\u0105du jest tworzenie \u015brodowiska s\u0142u\u017c\u0105cego prowadzeniu debaty naukowej oraz wymianie pogl\u0105d\u00f3w i informacji z dziedziny prawa. Ukazuj\u0105cy si\u0119 regularnie od 2002 roku p\u00f3\u0142rocznik, wydawany jest zar\u00f3wno w formie papierowej, jak i elektronicznej. Przegl\u0105d jest redagowany przy wsp\u00f3\u0142udziale\u00a0student\u00f3w i doktorant\u00f3w Wydzia\u0142u Prawa i Administracji Uniwersytetu Warszawskiego.<\/p>\n<p style=\"color: #000000; text-align: justify;\">Poza wskazanym powy\u017cej celem, Przegl\u0105d jest dla autor\u00f3w skutecznym narz\u0119dziem, s\u0142u\u017c\u0105cym rozwojowi naukowemu oraz poprawie umiej\u0119tno\u015bci pisemnego formu\u0142owania my\u015bli. Staraj\u0105c si\u0119 nieustannie poszerza\u0107 zasi\u0119g swojego oddzia\u0142ywania, Przegl\u0105d publikuje teksty zar\u00f3wno w j\u0119zyku polskim, jak i angielskim. Konsekwentnie, w\u015br\u00f3d autor\u00f3w publikuj\u0105cych w ci\u0105gu ostatnich 18 lat funkcjonowania Przegl\u0105du, znale\u017ali si\u0119 nie tylko naukowcy z Polski, ale tak\u017ce z innych kraj\u00f3w. Od pocz\u0105tku swojego funkcjonowania Przegl\u0105d stara si\u0119 umiej\u0119tnie selekcjonowa\u0107 nadsy\u0142ane teksty, tak aby ostateczny sk\u0142ad ka\u017cdego numeru tworzy\u0142y publikacje odnosz\u0105ce si\u0119 w swej tematyce do mo\u017cliwie najszerszego spektrum zagadnie\u0144 prawnych.\u00a0Ka\u017cdy artyku\u0142 ukazuj\u0105cy si\u0119 w Przegl\u0105dzie jest recenzowany przez dw\u00f3ch niezale\u017cnych recenzent\u00f3w (<em>double-blind review<\/em>).<\/p>\n<p><strong>Punktacja MEiN: 70<\/strong><\/p>\n<p><strong>Index Copernicus: 66.64<\/strong><\/p>\n<p><strong>Numer ISSN: 1644-0242<\/strong><\/p>\n<\/div>\n","protected":false},"excerpt":{"rendered":"<p>Przegl\u0105d Prawniczy Uniwersytetu Warszawskiego jest mi\u0119dzynarodowym czasopismem naukowym wydawanym na Wydziale Prawa i Administracji Uniwersytetu Warszawskiego. Podstawowym celem Przegl\u0105du jest tworzenie \u015brodowiska s\u0142u\u017c\u0105cego prowadzeniu debaty naukowej oraz wymianie pogl\u0105d\u00f3w i informacji z dziedziny prawa. Ukazuj\u0105cy si\u0119 regularnie od 2002 roku p\u00f3\u0142rocznik, wydawany jest zar\u00f3wno w formie papierowej, jak i elektronicznej. Przegl\u0105d jest redagowany przy wsp\u00f3\u0142udziale\u00a0student\u00f3w &hellip; <\/p>\n<p class=\"link-more\"><a href=\"https:\/\/lawreview.wpia.uw.edu.pl\/?page_id=167&#038;lang=pl\" class=\"more-link\">Czytaj dalej<span class=\"screen-reader-text\"> \u201eStrona G\u0142\u00f3wna\u201d<\/span><\/a><\/p>\n","protected":false},"author":1,"featured_media":0,"parent":0,"menu_order":0,"comment_status":"closed","ping_status":"closed","template":"","meta":{"footnotes":""},"class_list":["post-167","page","type-page","status-publish","hentry"],"_links":{"self":[{"href":"https:\/\/lawreview.wpia.uw.edu.pl\/index.php?rest_route=\/wp\/v2\/pages\/167","targetHints":{"allow":["GET"]}}],"collection":[{"href":"https:\/\/lawreview.wpia.uw.edu.pl\/index.php?rest_route=\/wp\/v2\/pages"}],"about":[{"href":"https:\/\/lawreview.wpia.uw.edu.pl\/index.php?rest_route=\/wp\/v2\/types\/page"}],"author":[{"embeddable":true,"href":"https:\/\/lawreview.wpia.uw.edu.pl\/index.php?rest_route=\/wp\/v2\/users\/1"}],"replies":[{"embeddable":true,"href":"https:\/\/lawreview.wpia.uw.edu.pl\/index.php?rest_route=%2Fwp%2Fv2%2Fcomments&post=167"}],"version-history":[{"count":3,"href":"https:\/\/lawreview.wpia.uw.edu.pl\/index.php?rest_route=\/wp\/v2\/pages\/167\/revisions"}],"predecessor-version":[{"id":1467,"href":"https:\/\/lawreview.wpia.uw.edu.pl\/index.php?rest_route=\/wp\/v2\/pages\/167\/revisions\/1467"}],"wp:attachment":[{"href":"https:\/\/lawreview.wpia.uw.edu.pl\/index.php?rest_route=%2Fwp%2Fv2%2Fmedia&parent=167"}],"curies":[{"name":"wp","href":"https:\/\/api.w.org\/{rel}","templated":true}]}}